{"id":2743,"date":"2023-04-19T16:32:42","date_gmt":"2023-04-19T14:32:42","guid":{"rendered":"https:\/\/uvavalencia.org\/condiciones-de-contratacion\/"},"modified":"2023-04-19T16:32:42","modified_gmt":"2023-04-19T14:32:42","slug":"condiciones-de-contratacion","status":"publish","type":"page","link":"https:\/\/uvavalencia.org\/en\/condiciones-de-contratacion\/","title":{"rendered":"Condiciones de contrataci\u00f3n"},"content":{"rendered":"<h3 class=\"text-primary text-uppercase my-5\">CONDICIONES GENERALES DE CONTRATACI\u00d3N<\/h3>\n<h6 class=\"text-primary text-uppercase mt-5\">Informaci\u00f3n previa a la contrataci\u00f3n<\/h6>\n<p class=\"text-justify\"> Las presentes Condiciones Generales de contrataci\u00f3n (en adelante Condiciones Generales) regular\u00e1n la relaci\u00f3n comercial que surja entre SERVICIOS DE PROGRAMAS UNIVERSITARIOS SL y el alumno por la contrataci\u00f3n realizada a trav\u00e9s de los formularios que SERVICIOS DE PROGRAMAS UNIVERSITARIOS SL pone a su disposici\u00f3n en su <a href=\"http:\/\/uvavalencia.org\/\">http:\/\/uvavalencia.org\/<\/a>.\n        <\/p>\n<p class=\"text-justify\"> La contrataci\u00f3n a trav\u00e9s de los sitios web de SERVICIOS DE PROGRAMAS UNIVERSITARIOS SL supondr\u00e1 la aceptaci\u00f3n expresa, por el alumno de las p\u00e1ginas, de estas condiciones, como tambi\u00e9n de las condiciones de uso establecidas para la navegaci\u00f3n del usuario por las p\u00e1ginas propiedad de SERVICIOS DE PROGRAMAS UNIVERSITARIOS SL.\n        <\/p>\n<p class=\"text-justify\"> Estas condiciones ser\u00e1n de aplicaci\u00f3n sin perjuicio de la aplicaci\u00f3n de las normas legales sobre la materia que sean de aplicaci\u00f3n para cada caso.\n        <\/p>\n<p class=\"text-justify\"> Las condiciones Generales de Contrataci\u00f3n regulan la relaci\u00f3n de venta a distancia entre SERVICIOS DE PROGRAMAS UNIVERSITARIOS SL y el usuario o cliente, de acuerdo con las estipulaciones legales, en especial, la Ley 7\/1998, de 13 de abril, sobre Condiciones Generales de Contrataci\u00f3n, la Ley 3\/2014, de 27 de marzo por la que se modifica el texto refundido de la Ley General para la Defensa de los consumidores y Usuarios, Ley Org\u00e1nica 3\/2018, de 5 de diciembre, de Protecci\u00f3n de Datos Personales y garant\u00eda de los derechos digitales, Reglamento General de Protecci\u00f3n de Datos (UE) 2016\/679, la Ley 7\/1996, de 15 de enero de Ordenaci\u00f3n del Comercio Minorista, y a la Ley 34\/2002 de 11 de julio, de Servicios de la Sociedad de la Informaci\u00f3n y de Comercio Electr\u00f3nico.\n        <\/p>\n<p class=\"text-justify\"> SERVICIOS DE PROGRAMAS UNIVERSITARIOS SL se reserva el derecho a realizar las modificaciones que considere oportunas, sin aviso previo, en las Condiciones Generales. Dichas modificaciones podr\u00e1n realizarse, a trav\u00e9s de sus websites, por cualquier forma admisible en derecho y ser\u00e1n de obligado cumplimiento durante el tiempo en que se encuentren publicadas en la web y hasta que no sean modificadas v\u00e1lidamente por otras posteriores. No obstante, SERVICIOS DE PROGRAMAS UNIVERSITARIOS SL se reserva el derecho de aplicar, en determinados casos, unas Condiciones Particulares de Contrataci\u00f3n con preferencia a las presentes Condiciones Generales cuando lo considerara oportuno, anunci\u00e1ndolas en tiempo y forma oportunos.\n        <\/p>\n<p class=\"text-justify\"> SERVICIOS DE PROGRAMAS UNIVERSITARIOS SL informa que el procedimiento de contrataci\u00f3n a trav\u00e9s de sus p\u00e1ginas web viene detallado en el apartado correspondiente para la formalizaci\u00f3n de la reserva.\n        <\/p>\n<p class=\"text-justify\"> Asimismo, SERVICIOS DE PROGRAMAS UNIVERSITARIOS SL informa que el usuario puede tener acceso a las condiciones de uso que dispone en la misma web.\n        <\/p>\n<p class=\"text-justify\"> Por la contrataci\u00f3n con SERVICIOS DE PROGRAMAS UNIVERSITARIOS SL a trav\u00e9s de su website, el alumno declara expresamente conocer, entender y aceptar dichas condiciones de uso y las Condiciones Generales. Del mismo modo el usuario declara ser mayor de edad y tener la capacidad jur\u00eddica y de obrar necesaria para el acceso a los sitios web de SERVICIOS DE PROGRAMAS UNIVERSITARIOS SL y la contrataci\u00f3n por medio de los mismos. El usuario se hace responsable de tratar confidencial y responsablemente la identidad y contrase\u00f1a obtenidas en el registro como cliente, no pudiendo cederlas a otro.\n        <\/p>\n<p class=\"text-justify\"> La confirmaci\u00f3n de la contrataci\u00f3n y el comprobante de la reserva (impresi\u00f3n que hace el alumno) no tendr\u00e1n validez como factura.\n        <\/p>\n<h3 class=\"text-primary text-uppercase my-5\">FUNCIONAMIENTO DE LA CONTRATACI\u00d3N<\/h3>\n<h6 class=\"text-primary text-uppercase mt-5\">Oferta de servicios y referencia de precios.<\/h6>\n<p class=\"text-justify\"> En cumplimiento de la normativa vigente y, en especial de la Ley 34\/2002 de servicios de la sociedad de la informaci\u00f3n y del comercio electr\u00f3nico, SERVICIOS DE PROGRAMAS UNIVERSITARIOS SL ofrece en el apartado correspondiente para la formalizaci\u00f3n de la contrataci\u00f3n informaci\u00f3n sobre todas los posibles servicios, sus caracter\u00edsticas y precios. No obstante, SERVICIOS DE PROGRAMAS UNIVERSITARIOS SL se reserva el derecho a retirar, reponer o cambiar las ofertas que se ofrecen a sus clientes a trav\u00e9s de su p\u00e1gina web, mediante el simple cambio en el contenido de las mismas. De esta forma, los servicios ofrecidos en cada momento por la website de SERVICIOS DE PROGRAMAS UNIVERSITARIOS SL se regir\u00e1n por las Condiciones Generales vigentes en cada caso. Asimismo, la empresa tendr\u00e1 la facultad de dejar de ofrecer, sin previo aviso y en cualquier momento, el acceso a los servicios mencionados.\n        <\/p>\n<h6 class=\"text-primary text-uppercase mt-5\">Indicaci\u00f3n de los precios.<\/h6>\n<p class=\"text-justify\"> Cada posible viaje ofrecido tendr\u00e1 indicado su precio y si tiene incorporado el IVA o cualquier otro impuesto que, en su caso, sea de aplicaci\u00f3n. Los precios indicados en pantalla ser\u00e1n los vigentes en cada momento salvo error tipogr\u00e1fico. Cuando el precio sea diferente por el motivo anteriormente expuesto, SERVICIOS DE PROGRAMAS UNIVERSITARIOS SL lo comunicar\u00e1 al cliente, v\u00eda e-mail, antes de proceder el cobro del servicio.\n        <\/p>\n<h6 class=\"text-primary text-uppercase mt-5\">Disponibilidad.<\/h6>\n<p class=\"text-justify\"> La disponibilidad de las ofertas ofrecidas por SERVICIOS DE PROGRAMAS UNIVERSITARIOS SL a trav\u00e9s de su p\u00e1gina web puede variar en funci\u00f3n de la demanda de los alumnos. Pese a que SERVICIOS DE PROGRAMAS UNIVERSITARIOS SL actualiza la base de datos peri\u00f3dicamente, la reserva solicitada por el cliente podr\u00eda estar completa en ese momento. En tal caso, SERVICIOS DE PROGRAMAS UNIVERSITARIOS SL remitir\u00e1 un e-mail al alumno inform\u00e1ndole de la imposibilidad de la disponibilidad de la oferta.\n        <\/p>\n<h6 class=\"text-primary text-uppercase mt-5\">Formas de pago.<\/h6>\n<p class=\"text-justify\"> SERVICIOS DE PROGRAMAS UNIVERSITARIOS SL solicita en los servicios a trav\u00e9s de su p\u00e1gina web los datos de una tarjeta de cr\u00e9dito para garantizar la efectividad de la misma. Le recordamos que el establecimiento efectuar\u00e1 el cargo en su tarjeta de cr\u00e9dito al realizar esta reserva.\n        <\/p>\n<h6 class=\"text-primary text-uppercase mt-5\">Cancelaci\u00f3n.<\/h6>\n<p class=\"text-justify\"> SERVICIOS DE PROGRAMAS UNIVERSITARIOS SL informa a sus usuarios que la fecha l\u00edmite para poder realizar cualquier tipo de cancelaci\u00f3n se podr\u00e1 visualizar en cada oferta.\n        <\/p>\n<h6 class=\"text-primary text-uppercase mt-5\">Desistimiento.<\/h6>\n<p class=\"text-justify\"> Seg\u00fan lo establecido el art\u00edculo 103 de la Ley 3\/2014, de 27 de marzo por la que se modifica el texto refundido de la Ley General para la Defensa de los consumidores y Usuarios, el suministro de servicios de alojamiento para fines distintos del de servir de vivienda, transporte de bienes, alquiler de veh\u00edculos, comida o servicios relacionados con actividades de esparcimiento, si los contratos prev\u00e9n una fecha o un periodo de ejecuci\u00f3n espec\u00edficos, est\u00e1n exentos de desistimiento.\n        <\/p>\n<h3 class=\"text-primary text-uppercase my-5\">PROTECCI\u00d3N DE DATOS<\/h3>\n<p class=\"text-justify\"> De conformidad con la normativa aplicable y vigente en materia de protecci\u00f3n de datos, SERVICIOS DE PROGRAMAS UNIVERSITARIOS SL informa a los usuarios que los datos personales recabados durante el proceso de registro y\/o de reserva, ser\u00e1n incorporados al sistema de tratamiento titularidad de SERVICIOS DE PROGRAMAS UNIVERSITARIOS SL, con la finalidad de tramitar dichas acciones por parte del usuario y gestionar actuaciones posteriores derivadas de las mismas.\n        <\/p>\n<p class=\"text-justify\"> Sus datos se conservaran el plazo estrictamente necesario para cumplir con las finalidades anteriormente previstas, salvo obligaci\u00f3n legal de conservaci\u00f3n.\n        <\/p>\n<p class=\"text-justify\"> Le informamos que la base legal del tratamiento de sus datos es la correcta ejecuci\u00f3n del contrato entre las partes y el consentimiento.\n        <\/p>\n<p class=\"text-justify\"> De acuerdo con los derechos que le confiere la normativa vigente en protecci\u00f3n de datos podr\u00e1 ejercer los derechos de acceso, rectificaci\u00f3n, limitaci\u00f3n de tratamiento, supresi\u00f3n, portabilidad y oposici\u00f3n al tratamiento de sus datos de car\u00e1cter personal as\u00ed como del consentimiento prestado para el tratamiento de los mismos, dirigiendo su petici\u00f3n a la direcci\u00f3n mencionada m\u00e1s arriba o al correo electr\u00f3nico <a href=\"ines.admin@uvavalencia.org\">ines.admin@uvavalencia.org<\/a>. Podr\u00e1 dirigirse a la Autoridad de Control competente para presentar la reclamaci\u00f3n que considere oportuna.\n        <\/p>\n<h3 class=\"text-primary text-uppercase my-5\">LEGISLACI\u00d3N Y JURISDICCI\u00d3N APLICABLE<\/h3>\n<p class=\"text-justify\"> Asimismo, SERVICIOS DE PROGRAMAS UNIVERSITARIOS SL se reserva la facultad de presentar las acciones civiles o penales que considere oportunas por la utilizaci\u00f3n indebida de su sitio web y contenidos o por el incumplimiento de las presentes condiciones.\n        <\/p>\n<p class=\"text-justify\"> La relaci\u00f3n entre el alumno y el prestador se regir\u00e1 por la normativa vigente y de aplicaci\u00f3n en el territorio espa\u00f1ol. De surgir cualquier controversia las partes podr\u00e1n someter sus conflictos a arbitraje o acudir a la jurisdicci\u00f3n ordinaria cumpliendo con las normas sobre jurisdicci\u00f3n y competencia al respecto. SERVICIOS DE PROGRAMAS UNIVERSITARIOS SL tiene su domicilio en VALENCIA, Espa\u00f1a.\n        <\/p>\n","protected":false},"excerpt":{"rendered":"<p>CONDICIONES GENERALES DE CONTRATACI\u00d3N Informaci\u00f3n previa a la contrataci\u00f3n Las presentes Condiciones Generales de contrataci\u00f3n (en adelante Condiciones Generales) regular\u00e1n la relaci\u00f3n comercial que surja entre SERVICIOS DE PROGRAMAS UNIVERSITARIOS SL y el alumno por la contrataci\u00f3n realizada a trav\u00e9s de los formularios que SERVICIOS DE PROGRAMAS UNIVERSITARIOS SL pone a su disposici\u00f3n en su [&hellip;]<\/p>\n","protected":false},"author":1,"featured_media":0,"parent":0,"menu_order":0,"comment_status":"closed","ping_status":"closed","template":"","meta":{"site-sidebar-layout":"default","site-content-layout":"default","ast-site-content-layout":"default","site-content-style":"default","site-sidebar-style":"default","ast-global-header-display":"","ast-banner-title-visibility":"","ast-main-header-display":"","ast-hfb-above-header-display":"","ast-hfb-below-header-display":"","ast-hfb-mobile-header-display":"","site-post-title":"disabled","ast-breadcrumbs-content":"","ast-featured-img":"","footer-sml-layout":"","ast-disable-related-posts":"","theme-transparent-header-meta":"default","adv-header-id-meta":"","stick-header-meta":"default","header-above-stick-meta":"","header-main-stick-meta":"","header-below-stick-meta":"","astra-migrate-meta-layouts":"default","ast-page-background-enabled":"default","ast-page-background-meta":{"desktop":{"background-color":"var(--ast-global-color-4)","background-image":"","background-repeat":"repeat","background-position":"center center","background-size":"auto","background-attachment":"scroll","background-type":"","background-media":"","overlay-type":"","overlay-color":"","overlay-opacity":"","overlay-gradient":""},"tablet":{"background-color":"","background-image":"","background-repeat":"repeat","background-position":"center center","background-size":"auto","background-attachment":"scroll","background-type":"","background-media":"","overlay-type":"","overlay-color":"","overlay-opacity":"","overlay-gradient":""},"mobile":{"background-color":"","background-image":"","background-repeat":"repeat","background-position":"center center","background-size":"auto","background-attachment":"scroll","background-type":"","background-media":"","overlay-type":"","overlay-color":"","overlay-opacity":"","overlay-gradient":""}},"ast-content-background-meta":{"desktop":{"background-color":"var(--ast-global-color-5)","background-image":"","background-repeat":"repeat","background-position":"center center","background-size":"auto","background-attachment":"scroll","background-type":"","background-media":"","overlay-type":"","overlay-color":"","overlay-opacity":"","overlay-gradient":""},"tablet":{"background-color":"var(--ast-global-color-5)","background-image":"","background-repeat":"repeat","background-position":"center center","background-size":"auto","background-attachment":"scroll","background-type":"","background-media":"","overlay-type":"","overlay-color":"","overlay-opacity":"","overlay-gradient":""},"mobile":{"background-color":"var(--ast-global-color-5)","background-image":"","background-repeat":"repeat","background-position":"center center","background-size":"auto","background-attachment":"scroll","background-type":"","background-media":"","overlay-type":"","overlay-color":"","overlay-opacity":"","overlay-gradient":""}},"footnotes":""},"class_list":["post-2743","page","type-page","status-publish","hentry"],"_links":{"self":[{"href":"https:\/\/uvavalencia.org\/en\/wp-json\/wp\/v2\/pages\/2743","targetHints":{"allow":["GET"]}}],"collection":[{"href":"https:\/\/uvavalencia.org\/en\/wp-json\/wp\/v2\/pages"}],"about":[{"href":"https:\/\/uvavalencia.org\/en\/wp-json\/wp\/v2\/types\/page"}],"author":[{"embeddable":true,"href":"https:\/\/uvavalencia.org\/en\/wp-json\/wp\/v2\/users\/1"}],"replies":[{"embeddable":true,"href":"https:\/\/uvavalencia.org\/en\/wp-json\/wp\/v2\/comments?post=2743"}],"version-history":[{"count":0,"href":"https:\/\/uvavalencia.org\/en\/wp-json\/wp\/v2\/pages\/2743\/revisions"}],"wp:attachment":[{"href":"https:\/\/uvavalencia.org\/en\/wp-json\/wp\/v2\/media?parent=2743"}],"curies":[{"name":"wp","href":"https:\/\/api.w.org\/{rel}","templated":true}]}}