{"id":2744,"date":"2023-04-19T16:25:58","date_gmt":"2023-04-19T14:25:58","guid":{"rendered":"https:\/\/uvavalencia.org\/condiciones-de-uso\/"},"modified":"2023-04-19T16:25:58","modified_gmt":"2023-04-19T14:25:58","slug":"condiciones-de-uso","status":"publish","type":"page","link":"https:\/\/uvavalencia.org\/en\/condiciones-de-uso\/","title":{"rendered":"Condiciones de uso"},"content":{"rendered":"<h3 class=\"text-primary text-uppercase my-5\">Condiciones de uso<\/h3>\n<p class=\"text-justify\">En cumplimiento de la Ley 34\/2002, de 11 de julio, de Servicios de la Sociedad de la Informaci\u00f3n y de Comercio Electr\u00f3nico (LSSI-CE), SERVICIOS DE PROGRAMAS UNIVERSITARIOS SL informa que es titular del sitio web <a href=\"http:\/\/uvavalencia.org\/\">http:\/\/uvavalencia.org\/<\/a>. De acuerdo con la exigencia del art\u00edculo 10 de la citada Ley, SERVICIOS DE PROGRAMAS UNIVERSITARIOS SL informa de los siguientes datos:<\/p>\n<p class=\"text-justify\">El titular de este sitio web es SERVICIOS DE PROGRAMAS UNIVERSITARIOS SL, con CIF B46686721 y domicilio social en CALLE RAMON GORDILLO N 4 BAJO 46010, VALENCIA, inscrita en el Registro Mercantil, en el tomo 2746, folio 117, hoja V-962 e inscripci\u00f3n 1a. La direcci\u00f3n de correo electr\u00f3nico de contacto con la empresa es: <a href=\"mailto:ines.admin@uvavalencia.org\">ines.admin@uvavalencia.org<\/a><\/p>\n<h6 class=\"text-primary text-uppercase mt-5\">Usuario y r\u00e9gimen de responsabilidades<\/h6>\n<p class=\"text-justify\">La navegaci\u00f3n, acceso y uso por el sitio web de SERVICIOS DE PROGRAMAS UNIVERSITARIOS SL confiere la condici\u00f3n de usuario, por la que se aceptan, desde la navegaci\u00f3n por el sitio web de SERVICIOS DE PROGRAMAS UNIVERSITARIOS SL, todas las condiciones de uso aqu\u00ed establecidas sin perjuicio de la aplicaci\u00f3n de la correspondiente normativa de obligado cumplimiento legal seg\u00fan el caso.<\/p>\n<p class=\"text-justify\">El sitio web de SERVICIOS DE PROGRAMAS UNIVERSITARIOS SL proporciona gran diversidad de informaci\u00f3n, servicios y datos. El usuario asume su responsabilidad en el uso correcto del sitio web. Esta responsabilidad se extender\u00e1 a:<\/p>\n<ul>\n<li class=\"text-justify\">La veracidad y licitud de las informaciones aportadas por el usuario en los formularios extendidos por SERVICIOS DE PROGRAMAS UNIVERSITARIOS SL para el acceso a ciertos contenidos o servicios ofrecidos por el web.<\/li>\n<li class=\"text-justify\">El uso de la informaci\u00f3n, servicios y datos ofrecidos por SERVICIOS DE PROGRAMAS UNIVERSITARIOS SL contrariamente a lo dispuesto por las presentes condiciones, la Ley, la moral, las buenas costumbres o el orden p\u00fablico, o que de cualquier otro modo puedan suponer lesi\u00f3n de los derechos de terceros o del mismo funcionamiento del sitio web.<\/li>\n<\/ul>\n<h6 class=\"text-primary text-uppercase mt-5\">Pol\u00edtica de enlaces y exenciones de responsabilidad<\/h6>\n<p class=\"text-justify\">SERVICIOS DE PROGRAMAS UNIVERSITARIOS SL no se hace responsable del contenido de los sitios web a los que el usuario pueda acceder a trav\u00e9s de los enlaces establecidos en su sitio web y declara que en ning\u00fan caso proceder\u00e1 a examinar o ejercitar ning\u00fan tipo de control sobre el contenido de otros sitios de la red. Asimismo, tampoco garantizar\u00e1 la disponibilidad t\u00e9cnica, exactitud, veracidad, validez o legalidad de sitios ajenos a su propiedad a los que se pueda acceder por medio de los enlaces.<\/p>\n<p class=\"text-justify\">SERVICIOS DE PROGRAMAS UNIVERSITARIOS SL declara haber adoptado todas las medidas necesarias para evitar cualquier da\u00f1o a los usuarios de su sitio web, que pudieran derivarse de la navegaci\u00f3n por su sitio web. En consecuencia, SERVICIOS DE PROGRAMAS UNIVERSITARIOS SL no se hace responsable, en ning\u00fan caso, de los eventuales da\u00f1os que por la navegaci\u00f3n por Internet pudiera sufrir el usuario.<\/p>\n<h6 class=\"text-primary text-uppercase mt-5\">Modificaciones<\/h6>\n<p class=\"text-justify\">SERVICIOS DE PROGRAMAS UNIVERSITARIOS SL se reserva el derecho a realizar las modificaciones que considere oportunas, sin aviso previo, en el contenido de su sitio web. Tanto en lo referente a los contenidos del sitio web, como en las condiciones de uso del mismo, o en las condiciones generales de contrataci\u00f3n. Dichas modificaciones podr\u00e1n realizarse a trav\u00e9s de su sitio web por cualquier forma admisible en derecho y ser\u00e1n de obligado cumplimiento durante el tiempo en que se encuentren publicadas en el web y hasta que no sean modificadas v\u00e1lidamente por otras posteriores.<\/p>\n<h6 class=\"text-primary text-uppercase mt-5\">Servicios de contrataci\u00f3n por internet<\/h6>\n<p class=\"text-justify\">Ciertos contenidos de la website de SERVICIOS DE PROGRAMAS UNIVERSITARIOS SL contienen la posibilidad de contrataci\u00f3n por Internet. El uso de los mismos requerir\u00e1 la lectura y aceptaci\u00f3n obligatoria de las condiciones generales de contrataci\u00f3n establecidas al efecto por SERVICIOS DE PROGRAMAS UNIVERSITARIOS SL.<\/p>\n<h6 class=\"text-primary text-uppercase mt-5\">Protecci\u00f3n de datos<\/h6>\n<p class=\"text-justify\">De conformidad con lo establecido en la normativa vigente en Protecci\u00f3n de Datos de Car\u00e1cter Personal, le informamos que sus datos ser\u00e1n incorporados al sistema de tratamiento titularidad de SERVICIOS DE PROGRAMAS UNIVERSITARIOS SL con CIF B46686721 y domicilio social sito en CALLE RAMON GORDILLO N 4 BAJO 46010, VALENCIA, con la finalidad de poder facilitar, agilizar y cumplir los compromisos establecidos entre ambas partes. En cumplimiento con la normativa vigente, SERVICIOS DE PROGRAMAS UNIVERSITARIOS SL informa que los datos ser\u00e1n conservados durante el plazo estrictamente necesario para cumplir con los preceptos mencionados con anterioridad.<\/p>\n<p class=\"text-justify\">Le informamos que el tratamiento de sus datos est\u00e1 legitimado por su consentimiento y\/o la relaci\u00f3n contractual que mantenemos con usted.<\/p>\n<p class=\"text-justify\">SERVICIOS DE PROGRAMAS UNIVERSITARIOS SL informa que proceder\u00e1 a tratar los datos de manera l\u00edcita, leal, transparente, adecuada, pertinente, limitada, exacta y actualizada. Es por ello que SERVICIOS DE PROGRAMAS UNIVERSITARIOS SL se compromete a adoptar todas las medidas razonables para que estos se supriman o rectifiquen sin dilaci\u00f3n cuando sean inexactos.<\/p>\n<p class=\"text-justify\">De acuerdo con los derechos que le confiere el la normativa vigente en protecci\u00f3n de datos podr\u00e1 ejercer los derechos de acceso, rectificaci\u00f3n, limitaci\u00f3n de tratamiento, supresi\u00f3n, portabilidad y oposici\u00f3n al tratamiento de sus datos de car\u00e1cter personal as\u00ed como del consentimiento prestado para el tratamiento de los mismos, dirigiendo su petici\u00f3n a la direcci\u00f3n postal indicada m\u00e1s arriba o al correo electr\u00f3nico <a href=\"mailto:ines.admin@uvavalencia.org\">ines.admin@uvavalencia.org<\/a><\/p>\n<p class=\"text-justify\">Podr\u00e1 dirigirse a la Autoridad de Control competente para presentar la reclamaci\u00f3n que considere oportuna.<\/p>\n<h6 class=\"text-primary text-uppercase mt-5\">Propiedad intelectual e industrial<\/h6>\n<p class=\"text-justify\">SERVICIOS DE PROGRAMAS UNIVERSITARIOS SL por s\u00ed misma o como cesionaria, es titular de todos los derechos de propiedad intelectual e industrial de su p\u00e1gina web, as\u00ed como de los elementos contenidos en la misma (a t\u00edtulo enunciativo, im\u00e1genes, sonido, audio, v\u00eddeo, software o textos; marcas o logotipos, combinaciones de colores, estructura y dise\u00f1o, selecci\u00f3n de materiales usados, programas de ordenador necesarios para su funcionamiento, acceso y uso, etc.), titularidad de SERVICIOS DE PROGRAMAS UNIVERSITARIOS SL. Ser\u00e1n, por consiguiente, obras protegidas como propiedad intelectual por el ordenamiento jur\u00eddico espa\u00f1ol, si\u00e9ndoles aplicables tanto la normativa espa\u00f1ola y comunitaria en este campo, como los tratados internacionales relativos a la materia y suscritos por Espa\u00f1a.<\/p>\n<p class=\"text-justify\">Todos los derechos reservados. En virtud de lo dispuesto en la Ley de Propiedad Intelectual, quedan expresamente prohibidas la reproducci\u00f3n, la distribuci\u00f3n y la comunicaci\u00f3n p\u00fablica, incluida su modalidad de puesta a disposici\u00f3n, de la totalidad o parte de los contenidos de esta p\u00e1gina web, con fines comerciales, en cualquier soporte y por cualquier medio t\u00e9cnico, sin la autorizaci\u00f3n de SERVICIOS DE PROGRAMAS UNIVERSITARIOS SL.<\/p>\n<p class=\"text-justify\">El usuario se compromete a respetar los derechos de Propiedad Intelectual e Industrial titularidad de SERVICIOS DE PROGRAMAS UNIVERSITARIOS SL. Podr\u00e1 visualizar los elementos del portal e incluso imprimirlos, copiarlos y almacenarlos en el disco duro de su ordenador o en cualquier otro soporte f\u00edsico siempre y cuando sea, \u00fanica y exclusivamente, para su uso personal y privado. El usuario deber\u00e1 abstenerse de suprimir, alterar, eludir o manipular cualquier dispositivo de protecci\u00f3n o sistema de seguridad que estuviera instalado en las p\u00e1ginas de SERVICIOS DE PROGRAMAS UNIVERSITARIOS SL.<\/p>\n<h6 class=\"text-primary text-uppercase mt-5\">Acciones legales, legislaci\u00f3n aplicable y jurisdicci\u00f3n<\/h6>\n<p class=\"text-justify\">SERVICIOS DE PROGRAMAS UNIVERSITARIOS SL se reserva, asimismo, la facultad de presentar las acciones civiles o penales que considere oportunas por la utilizaci\u00f3n indebida de su sitio web y contenidos, o por el incumplimiento de las presentes condiciones.<\/p>\n<p class=\"text-justify\">La relaci\u00f3n entre el usuario y el prestador se regir\u00e1 por la normativa vigente y de aplicaci\u00f3n en el territorio espa\u00f1ol. De surgir cualquier controversia las partes podr\u00e1n someter sus conflictos a arbitraje o acudir a la jurisdicci\u00f3n ordinaria cumpliendo con las normas sobre jurisdicci\u00f3n y competencia al respecto. SERVICIOS DE PROGRAMAS UNIVERSITARIOS SL tiene su domicilio en VALENCIA, Espa\u00f1a.<\/p>\n","protected":false},"excerpt":{"rendered":"<p>Condiciones de uso En cumplimiento de la Ley 34\/2002, de 11 de julio, de Servicios de la Sociedad de la Informaci\u00f3n y de Comercio Electr\u00f3nico (LSSI-CE), SERVICIOS DE PROGRAMAS UNIVERSITARIOS SL informa que es titular del sitio web http:\/\/uvavalencia.org\/. De acuerdo con la exigencia del art\u00edculo 10 de la citada Ley, SERVICIOS DE PROGRAMAS UNIVERSITARIOS [&hellip;]<\/p>\n","protected":false},"author":1,"featured_media":0,"parent":0,"menu_order":0,"comment_status":"closed","ping_status":"closed","template":"","meta":{"site-sidebar-layout":"default","site-content-layout":"default","ast-site-content-layout":"default","site-content-style":"default","site-sidebar-style":"default","ast-global-header-display":"","ast-banner-title-visibility":"","ast-main-header-display":"","ast-hfb-above-header-display":"","ast-hfb-below-header-display":"","ast-hfb-mobile-header-display":"","site-post-title":"disabled","ast-breadcrumbs-content":"","ast-featured-img":"","footer-sml-layout":"","ast-disable-related-posts":"","theme-transparent-header-meta":"default","adv-header-id-meta":"","stick-header-meta":"default","header-above-stick-meta":"","header-main-stick-meta":"","header-below-stick-meta":"","astra-migrate-meta-layouts":"default","ast-page-background-enabled":"default","ast-page-background-meta":{"desktop":{"background-color":"var(--ast-global-color-4)","background-image":"","background-repeat":"repeat","background-position":"center center","background-size":"auto","background-attachment":"scroll","background-type":"","background-media":"","overlay-type":"","overlay-color":"","overlay-opacity":"","overlay-gradient":""},"tablet":{"background-color":"","background-image":"","background-repeat":"repeat","background-position":"center center","background-size":"auto","background-attachment":"scroll","background-type":"","background-media":"","overlay-type":"","overlay-color":"","overlay-opacity":"","overlay-gradient":""},"mobile":{"background-color":"","background-image":"","background-repeat":"repeat","background-position":"center center","background-size":"auto","background-attachment":"scroll","background-type":"","background-media":"","overlay-type":"","overlay-color":"","overlay-opacity":"","overlay-gradient":""}},"ast-content-background-meta":{"desktop":{"background-color":"var(--ast-global-color-5)","background-image":"","background-repeat":"repeat","background-position":"center center","background-size":"auto","background-attachment":"scroll","background-type":"","background-media":"","overlay-type":"","overlay-color":"","overlay-opacity":"","overlay-gradient":""},"tablet":{"background-color":"var(--ast-global-color-5)","background-image":"","background-repeat":"repeat","background-position":"center center","background-size":"auto","background-attachment":"scroll","background-type":"","background-media":"","overlay-type":"","overlay-color":"","overlay-opacity":"","overlay-gradient":""},"mobile":{"background-color":"var(--ast-global-color-5)","background-image":"","background-repeat":"repeat","background-position":"center center","background-size":"auto","background-attachment":"scroll","background-type":"","background-media":"","overlay-type":"","overlay-color":"","overlay-opacity":"","overlay-gradient":""}},"footnotes":""},"class_list":["post-2744","page","type-page","status-publish","hentry"],"_links":{"self":[{"href":"https:\/\/uvavalencia.org\/en\/wp-json\/wp\/v2\/pages\/2744","targetHints":{"allow":["GET"]}}],"collection":[{"href":"https:\/\/uvavalencia.org\/en\/wp-json\/wp\/v2\/pages"}],"about":[{"href":"https:\/\/uvavalencia.org\/en\/wp-json\/wp\/v2\/types\/page"}],"author":[{"embeddable":true,"href":"https:\/\/uvavalencia.org\/en\/wp-json\/wp\/v2\/users\/1"}],"replies":[{"embeddable":true,"href":"https:\/\/uvavalencia.org\/en\/wp-json\/wp\/v2\/comments?post=2744"}],"version-history":[{"count":0,"href":"https:\/\/uvavalencia.org\/en\/wp-json\/wp\/v2\/pages\/2744\/revisions"}],"wp:attachment":[{"href":"https:\/\/uvavalencia.org\/en\/wp-json\/wp\/v2\/media?parent=2744"}],"curies":[{"name":"wp","href":"https:\/\/api.w.org\/{rel}","templated":true}]}}